{"id":1472,"date":"2023-10-26T22:48:57","date_gmt":"2023-10-26T21:48:57","guid":{"rendered":"https:\/\/mojoswingcanarias.com\/?page_id=1472"},"modified":"2025-10-30T19:20:45","modified_gmt":"2025-10-30T19:20:45","slug":"guia-tropical-fest","status":"publish","type":"page","link":"https:\/\/mojoswingcanarias.com\/en\/guia-tropical-fest\/","title":{"rendered":"Gu\u00eda pr\u00e1ctica del Mojo Swing Tropical Fest"},"content":{"rendered":"<h1 class=\"wp-block-heading\">Practical Guide to Mojo Swing Tropical Fest 2025<\/h1>\n\n\n\n<p>This guide contains practical information about the festival and answers to our attendees' most frequently asked questions. We recommend always having it open on your cell phone during the festival. <\/p>\n\n\n\n<p class=\"has-light-background-background-color has-background\" style=\"font-size:24px\">\u2728 <strong>Join our <a href=\"https:\/\/chat.whatsapp.com\/EW8tBBWV2PR45VqU91hwW6?mode=wwc\">WhatsApp group<\/a> to keep up to date with all the news of the festival during the event.<\/strong><\/p>\n\n\n\n<p class=\"has-light-background-background-color has-background\" style=\"font-size:24px\"><strong>This festival is possible thanks to the selfless work of many volunteers who also want to dance and have fun. We ask you to be very punctual in all the activities in which you are going to participate in order to facilitate our work. Thank you very much!<\/strong> \ud83d\ude4f<\/p>\n\n\n<style>.kb-table-of-content-nav.kb-table-of-content-id1472_cc2feb-82 .kb-table-of-content-wrap{padding-top:var(--global-kb-spacing-sm, 1.5rem);padding-right:var(--global-kb-spacing-sm, 1.5rem);padding-bottom:var(--global-kb-spacing-sm, 1.5rem);padding-left:var(--global-kb-spacing-sm, 1.5rem);}.kb-table-of-content-nav.kb-table-of-content-id1472_cc2feb-82 .kb-table-of-contents-title-wrap{padding-top:0px;padding-right:0px;padding-bottom:0px;padding-left:0px;}.kb-table-of-content-nav.kb-table-of-content-id1472_cc2feb-82 .kb-table-of-contents-title{font-weight:regular;font-style:normal;}.kb-table-of-content-nav.kb-table-of-content-id1472_cc2feb-82 .kb-table-of-content-wrap .kb-table-of-content-list{font-weight:regular;font-style:normal;margin-top:var(--global-kb-spacing-sm, 1.5rem);margin-right:0px;margin-bottom:0px;margin-left:0px;}<\/style>\n\n\n<h2 class=\"wp-block-heading\">General<\/h2>\n\n\n\n<h3 class=\"wp-block-heading\"><strong>What is the festival schedule?<\/strong><\/h3>\n\n\n\n<p>Here is the tentative schedule for the festival. Any changes will be posted on this page and in our <a href=\"https:\/\/chat.whatsapp.com\/EW8tBBWV2PR45VqU91hwW6?mode=wwc\">WhatsApp group<\/a>.<\/p>\n\n\n\n<ul>\n<li><strong>Thursday<\/strong> \n<ul>\n<li>19:30 - 21:30: Social Dance at Bahia Feliz Shopping Center<\/li>\n<\/ul>\n<\/li>\n\n\n\n<li><strong>Friday<\/strong>\n<ul>\n<li>16:00 - 19:00: Welcome Party at the Orquidea Hotel<br>&#8212;&#8212;&#8212;&#8212;&#8212;&#8212;&#8212;&#8212;<\/li>\n\n\n\n<li>21:00 \u2013 22:00: Taster at Garbo\u2019s <\/li>\n\n\n\n<li>22:00 \u2013 02:00: \u00abThe Dead 20s Party\u00bb at Garbo\u2019s<\/li>\n<\/ul>\n<\/li>\n\n\n\n<li><strong>Saturday<\/strong>\n<ul>\n<li>11:00 \u2013 12:30: Lindy Hop \u2013 Challenger Group at Garbo\u2019s <em>(Crazy Pass only)<\/em><\/li>\n\n\n\n<li>12:30 \u2013 14:00: Lindy Hop \u2013 Social Dancer Group at Garbo\u2019s <em>(Crazy Pass only)<\/em><br>&#8212;&#8212;&#8212;&#8212;&#8212;&#8212;&#8212;&#8212;<\/li>\n\n\n\n<li>11:00 &#8211; 16:00: Fiesta secreta <em>(Tropical Pass only)<\/em><br>&#8212;&#8212;&#8212;&#8212;&#8212;&#8212;&#8212;&#8212;<\/li>\n\n\n\n<li>15:30 \u2013 17:00: Solo Jazz \u2013 Challenger Group at Garbo\u2019s <em>(Crazy Pass only)<\/em><\/li>\n\n\n\n<li>17:00 \u2013 18:30: Solo Jazz \u2013 Social Dancer Group at Garbo\u2019s <em>(Crazy Pass only)<\/em><br>&#8212;&#8212;&#8212;&#8212;&#8212;&#8212;&#8212;&#8212;<\/li>\n\n\n\n<li>21:00 \u2013 22:00: Taster at Garbo\u2019s<\/li>\n\n\n\n<li>22:00 \u2013 02:00: \u00abTropical Print Party\u00bb at Garbo\u2019s<\/li>\n<\/ul>\n<\/li>\n\n\n\n<li><strong>Sunday<\/strong>\n<ul>\n<li>11:00 \u2013 12:30: Lindy Hop \u2013 Social Dancer Group at Garbo\u2019s <em>(Crazy Pass only)<\/em><\/li>\n\n\n\n<li>12:30 \u2013 14:00: Lindy Hop \u2013 Challenger Group at Garbo\u2019s <em>(Crazy Pass only)<\/em><br>&#8212;&#8212;&#8212;&#8212;&#8212;&#8212;&#8212;&#8212;<\/li>\n\n\n\n<li>13:00 \u2013 15:00: Chillout Party at Bahia Feliz Shopping Center <\/li>\n\n\n\n<li>15:00 \u2013 19:00: Farewell Party at Bahia Feliz Shopping Center<\/li>\n<\/ul>\n<\/li>\n<\/ul>\n\n\n\n<p><\/p>\n\n\n\n<h3 class=\"wp-block-heading\"><strong>What are the festival locations?<\/strong><\/h3>\n\n\n\n<ul>\n<li>The amazing <a href=\"https:\/\/maps.app.goo.gl\/aas1VGZDX3RfNjiVA\">Garbo's Theater<\/a>.<\/li>\n\n\n\n<li>The beautiful gardens of the <a href=\"https:\/\/maps.app.goo.gl\/frqbNExmTyFfUsx46\">Orquidea Hotel<\/a>.<\/li>\n\n\n\n<li>The central square of the <a href=\"https:\/\/maps.app.goo.gl\/XHapDYF15omwp8As7\">Bahia Feliz Shopping Center<\/a><\/li>\n<\/ul>\n\n\n\n<p><\/p>\n\n\n\n<h3 class=\"wp-block-heading\">Where can I register?<\/h3>\n\n\n\n<p>You will be able to check in during the Welcome Party, and at the beginning of the Friday party until 22:30.<\/p>\n\n\n\n<p><\/p>\n\n\n\n<h3 class=\"wp-block-heading\"><strong>What will the weather be like during the festival?<\/strong><\/h3>\n\n\n\n<p>The weather in the south of Gran Canaria is summery all year round. However, we recommend you bring a sweater because it can get cooler in the evenings.<\/p>\n\n\n\n<p>If you have any doubts, you can always check the forecast in the <a href=\"https:\/\/www.aemet.es\/es\/eltiempo\/prediccion\/playas\/maspalomas-3501901\">AEMET website<\/a>. <\/p>\n\n\n\n<p><\/p>\n\n\n\n<h3 class=\"wp-block-heading\"><strong>What shoes should I wear to the festival?<\/strong><\/h3>\n\n\n\n<p>At Garbo's we recommend wearing dancing shoes or smooth-soled shoes. <\/p>\n\n\n\n<p>In the rest of the areas, we recommend wearing sports shoes.<\/p>\n\n\n\n<p><\/p>\n\n\n\n<h2 class=\"wp-block-heading\">Classes<\/h2>\n\n\n\n<h3 class=\"wp-block-heading\"><strong>Where will the classes take place?<\/strong><\/h3>\n\n\n\n<p>All classes will take place at Garbo's. <\/p>\n\n\n\n<p><\/p>\n\n\n\n<h3 class=\"wp-block-heading\"><strong>Who can attend the Lindy Hop and Solo Jazz classes?<\/strong><\/h3>\n\n\n\n<p>Crazy Pass owners only.<\/p>\n\n\n\n<p><\/p>\n\n\n\n<h3 class=\"wp-block-heading\"><strong>\u00bf<\/strong>Are there levels in the classes<strong>?<\/strong><\/h3>\n\n\n\n<p>Yes, this year we will have two levels: Challenger and Social Dancer. You can see the description of both levels at <a href=\"https:\/\/mojoswingcanarias.com\/en\/eventos\/mojo-swing-tropical-fest-2024\/#levels\" data-type=\"link\" data-id=\"https:\/\/mojoswingcanarias.com\/eventos\/mojo-swing-tropical-fest-2024\/#levels\">our official website<\/a>.<\/p>\n\n\n\n<p><\/p>\n\n\n\n<h2 class=\"wp-block-heading\">Parties<\/h2>\n\n\n\n<h3 class=\"wp-block-heading\"><strong>What time do the main parties start?<\/strong><\/h3>\n\n\n\n<p>Friday and Saturday's parties will start at 22:00 and end at 02:00. <\/p>\n\n\n\n<p><\/p>\n\n\n\n<h3 class=\"wp-block-heading\"><strong>Are there themes for the parties?<\/strong><\/h3>\n\n\n\n<p>Of course! At Mojo Swing we love theme parties. This year we have two main themes:<\/p>\n\n\n\n<ul>\n<li class=\"translation-block\">The theme for Friday's party is \u201cThe Dead 20s.\u201d Ghostly cabaret dancers, bloodstained gangsters, wandering sailors, disgraced businessmen, and cursed artists... Come dressed in your spookiest outfit and immerse yourself in this night of jazz, glamour, and terror. \ud83e\udddf\ud83c\udfa9\ud83d\udda4<\/li>\n\n\n\n<li>The theme of Saturday's party is \"<strong>Tropical Print<\/strong>\" Palm trees, hibiscus flowers, flamingos, pineapples, and toucans will be your best allies for losing yourself in a hot, wild night full of flavor. From Hawaiian shirts to floral dresses, the more tropical, the better! \ud83c\udf4d\ud83d\udd76\ufe0f\ud83c\udf79<\/li>\n<\/ul>\n\n\n\n<p>Obviously, you are not obliged to follow the dress code we propose. We promise you a safe space, where you can go as you want, where you will never be judged.<\/p>\n\n\n\n<p><\/p>\n\n\n\n<h3 class=\"wp-block-heading\"><strong>Where will the secret party take place?<\/strong><\/h3>\n\n\n\n<p>Obviously we can't tell you \ud83d\ude09  <\/p>\n\n\n\n<p>Just make sure you bring plenty of sunscreen and arrive before 11:00 at the <a href=\"https:\/\/maps.app.goo.gl\/8DE92Sk5Yqas9a6D7\">bus stop in front of the Garbo's<\/a>.<\/p>\n\n\n\n<p><strong>PLEASE NOTE: This activity is only included in the Tropical Pass. <\/strong><\/p>\n\n\n\n<p><\/p>","protected":false},"excerpt":{"rendered":"<p>Gu\u00eda pr\u00e1ctica del Mojo Swing Tropical Fest 2025 Esta gu\u00eda contiene informaci\u00f3n pr\u00e1ctica sobre el festival y respuestas a las preguntas m\u00e1s frecuentes de nuestros asistentes. Te recomendamos&hellip;<\/p>","protected":false},"author":1,"featured_media":0,"parent":0,"menu_order":0,"comment_status":"closed","ping_status":"closed","template":"template-full-width-only-content.php","meta":{"footnotes":"","_vp_format_video_url":"","_vp_image_focal_point":[]},"_links":{"self":[{"href":"https:\/\/mojoswingcanarias.com\/en\/wp-json\/wp\/v2\/pages\/1472"}],"collection":[{"href":"https:\/\/mojoswingcanarias.com\/en\/wp-json\/wp\/v2\/pages"}],"about":[{"href":"https:\/\/mojoswingcanarias.com\/en\/wp-json\/wp\/v2\/types\/page"}],"author":[{"embeddable":true,"href":"https:\/\/mojoswingcanarias.com\/en\/wp-json\/wp\/v2\/users\/1"}],"replies":[{"embeddable":true,"href":"https:\/\/mojoswingcanarias.com\/en\/wp-json\/wp\/v2\/comments?post=1472"}],"version-history":[{"count":64,"href":"https:\/\/mojoswingcanarias.com\/en\/wp-json\/wp\/v2\/pages\/1472\/revisions"}],"predecessor-version":[{"id":1722,"href":"https:\/\/mojoswingcanarias.com\/en\/wp-json\/wp\/v2\/pages\/1472\/revisions\/1722"}],"wp:attachment":[{"href":"https:\/\/mojoswingcanarias.com\/en\/wp-json\/wp\/v2\/media?parent=1472"}],"curies":[{"name":"wp","href":"https:\/\/api.w.org\/{rel}","templated":true}]}}