{"id":187,"date":"2021-08-31T19:59:47","date_gmt":"2021-08-31T18:59:47","guid":{"rendered":"https:\/\/mojoswingcanarias.com\/?page_id=187"},"modified":"2021-09-08T21:52:45","modified_gmt":"2021-09-08T20:52:45","slug":"aviso-legal","status":"publish","type":"page","link":"https:\/\/mojoswingcanarias.com\/en\/aviso-legal\/","title":{"rendered":"Legal notice"},"content":{"rendered":"<h2 class=\"wp-block-heading\">1. Datos de identificaci\u00f3n<\/h2>\n\n\n\n<p>Usted est\u00e1 visitando el sitio web www.mojoswingcanarias.com titularidad de la ASOCIACI\u00d3N CULTURAL MOJO SWING CANARIAS (en adelante, MOJO SWING).<\/p>\n\n\n\n<pre class=\"wp-block-code\"><code>Direcci\u00f3n postal: Calle Bravo Murillo 34, 35003 \u2013 Las Palmas de Gran Canaria.\nDirecci\u00f3n de correo electr\u00f3nico: info@mojoswingcanarias.com\nN.I.F.: G76248582<\/code><\/pre>\n\n\n\n<p>La Asociaci\u00f3n es una organizaci\u00f3n sin af\u00e1n de lucro y est\u00e1 inscrita en el Registro de Asociaciones de Canarias en el n\u00famero 21549 (G1\/ S1\/21549-16\/GC) con fecha 12 de enero de 2016.<br><\/p>\n\n\n\n<h2 class=\"wp-block-heading\">2. Aceptaci\u00f3n del usuario<\/h2>\n\n\n\n<p>Estas condiciones de uso regulan el acceso y la utilizaci\u00f3n del sitio web (en adelante, el web) que la MOJO SWING pose a disposici\u00f3n de los usuarios de internet. El acceso a este implica la aceptaci\u00f3n sin reservas de estas condiciones de uso.<\/p>\n\n\n\n<p>El web tiene como objeto dar a conocer y promover los diversos bailes inspirados en la m\u00fasica swing y los acontecimientos relacionados con esta m\u00fasica y lo hace con la promoci\u00f3n de las actividades que hace directamente MOJO SWING y tambi\u00e9n de las que organizan otras entidades, escuelas y particulares en toda Canarias.<\/p>\n\n\n\n<p>MOJO SWING puede ofrecer, por medio de este web, servicios que pueden estar sometidos a unas condiciones particulares y sobre las cuales se informar\u00e1 al Usuario en cada caso concreto.<\/p>\n\n\n\n<h2 class=\"wp-block-heading\">3. Acceso en el web y contrase\u00f1as<\/h2>\n\n\n\n<p>En general no se exige la suscripci\u00f3n o registro previo como usuario para poder acceder y utilizar el web, a pesar de que esto no implica que, para hacer uso de unos servicios o contenidos determinados, s\u00ed que se tenga que hacer esta suscripci\u00f3n o registro.<\/p>\n\n\n\n<p>Los datos de los usuarios obtenidos a trav\u00e9s de la suscripci\u00f3n o del registro a este web est\u00e1n protegidas por medio de contrase\u00f1as elegidas por ellos mismos. El usuario se compromete a mantener su contrase\u00f1a en secreto y a protegerla de usos no autorizados que puedan hacer terceros. El usuario tiene que notificar inmediatamente a MOJO SWING de cualquier uso no consentido de su cuenta o de cualquier violaci\u00f3n de la seguridad relacionada con el servicio del web, de los cuales haya tenido conocimiento.<\/p>\n\n\n\n<p>MOJO SWING adopta las medidas t\u00e9cnicas y organizativas necesarias para garantizar la protecci\u00f3n de los datos de car\u00e1cter personal y evitar la alteraci\u00f3n, p\u00e9rdida, tratamiento y\/o acceso no autorizado, atendido el estado de la t\u00e9cnica, la naturaleza de los datos almacenados y los riesgos a que est\u00e1n expuestos. Todo esto, conforme al que establece la legislaci\u00f3n espa\u00f1ola de protecci\u00f3n de datos de car\u00e1cter personal.<\/p>\n\n\n\n<p>MOJO SWING no se hace responsable ante los Usuarios, de la revelaci\u00f3n de sus datos personales a terceros, si no se debe a causas directamente imputables a la MOJO SWING, ni tampoco del uso que, de estos datos, hagan terceros ajenos a la MOJO SWING.<\/p>\n\n\n\n<h2 class=\"wp-block-heading\">4. Uso correcto del sitio web<\/h2>\n\n\n\n<p>El usuario se compromete a utilizar el sitio web, los contenidos y los servicios en conformidad con la Ley, las presentes condiciones de uso, las buenas costumbres y el orden p\u00fablico. <\/p>\n\n\n\n<p>Del mismo modo, el usuario se obliga a no utilizar el web, sus contenidos o los servicios que se prestan con fines o efectos il\u00edcitos o contrarios al contenido de estas condiciones de uso, lesivos de los intereses o derechos de terceros o que puedan, de cualquier manera, da\u00f1ar, inutilizar, hacer inaccesibles o deteriorar el web, sus contenidos o sus servicios o impedir que los otros usuarios puedan disfrutar normalmente.<\/p>\n\n\n\n<p>Del mismo modo, el usuario se compromete expresamente a no destruir, alterar inutilizar o da\u00f1ar, de cualquier manera, los datos, programas o documentos electr\u00f3nicos que hay en el web.<\/p>\n\n\n\n<p>El usuario se compromete a no obstaculizar el acceso otros Usuarios por medio del consumo masivo de los recursos inform\u00e1ticos a trav\u00e9s de los cuales MOJO SWING presta el servicio, y tampoco a hacer acciones que da\u00f1en, interrumpan o generen errores en los esmentants sistemas o servicios.<\/p>\n\n\n\n<p>El usuario se compromete a no introducir programas, virus, macros, applets o cualquier otro dispositivo l\u00f3gico o secuencia de caracteres que causen o sean susceptibles de causar cualquier tipo de alteraci\u00f3n en los sistemas inform\u00e1ticos de MOJO SWING o de terceros.<\/p>\n\n\n\n<h2 class=\"wp-block-heading\">5. Publicidad<\/h2>\n\n\n\n<p>Parte del sitio web puede alojar contenidos publicitarios o puede estar patrocinado. Los anunciantes y patrocinadores son los \u00fanicos responsables de asegurarse que el material remitido para la inclusi\u00f3n en el sitio web cumple las leyes que, en cada caso, se pueden aplicar.<\/p>\n\n\n\n<p>MOJO SWING no ser\u00e1 el responsable de ning\u00fan error, inexactitud o irregularidad que puedan incluir los contenidos publicitarios o de los patrocinadores. En todo caso, para interponer cualquier reclamaci\u00f3n relacionada con los contenidos publicitarios insertados en este sitio web, se pueden dirigir a la direcci\u00f3n de correo electr\u00f3nico siguiente: info@mojoswingcanarias.com<\/p>\n\n\n\n<h2 class=\"wp-block-heading\">6. Enlaces o contenidos de terceros<\/h2>\n\n\n\n<p>Las presentes Condiciones de uso se refieren \u00fanicamente al sitio web y a los contenidos de MOJO SWING y no se aplican ni en los enlaces ni en las p\u00e1ginas web de terceros accesibles a trav\u00e9s de este sitio web.<\/p>\n\n\n\n<p>Los destinos de estos enlaces no est\u00e1n bajo el control de MOJO SWING, y MOJO SWING no es responsable del contenido de ninguno de las p\u00e1ginas web de destino de un enlace, ni de ning\u00fan enlace incluido en una p\u00e1gina web a la cual se llegue desde el web de MOJO SWING, ni de ning\u00fan cambio ni de ninguna actualizaci\u00f3n de estas p\u00e1ginas.<\/p>\n\n\n\n<p>Estos enlaces se proporcionan \u00fanicamente para informar el usuario sobre la existencia otras fuentes de informaci\u00f3n sobre un tema concreto, y la inclusi\u00f3n de un enlace no implica la aprobaci\u00f3n, por parte de MOJO SWING, de la p\u00e1gina web enlazada.<\/p>\n\n\n\n<p>En el sitio web de MOJO SWING hay los apartados de Eventos, Escuelas de baile y Bandas musicales, en los cuales, las personas que organizan acontecimientos o cursos relacionados con los bailes de swing, pueden darse de alta e introducir los contenidos que quieren promocionar y que pueden incluir material fotogr\u00e1fico, siempre en el entorno de los bailes de swing.<\/p>\n\n\n\n<p>En la secci\u00f3n Eventos de la web se podr\u00e1n publicar los acontecimientos que tengan que ver con los bailes con m\u00fasica swing que no sean clases regulares ni clases espor\u00e1dicas con profesores locales. Tambi\u00e9n los acontecimientos que tengan que ver con la m\u00fasica swing y que ofrezcan descuentos para los asociados de MOJO SWING. Y, en \u00faltimo t\u00e9rmino, tambi\u00e9n se podr\u00e1n publicar aquellos acontecimientos que, a criterio de la Junta, puedan ser de inter\u00e9s.<\/p>\n\n\n\n<p>Tanto las escuelas y los profesionales de baile de swing como las bandas o grupos de m\u00fasica swing, se podr\u00e1n anunciar en el apartado correspondiente del web y de la manera que se indica.<\/p>\n\n\n\n<p>La persona usuaria que cuelgue anuncios en estos apartados, ser\u00e1 la responsable de la informaci\u00f3n que publica, de la organizaci\u00f3n del acontecimiento anunciado, y del material fotogr\u00e1fico que lo ilustra, y tendr\u00e1 todos los derechos y autorizaciones pertinentes para hacer uso, en su caso.<\/p>\n\n\n\n<p>MOJO SWING no se hace responsable de los errores, inexactitudes o irregularidades que puedan contener los acontecimientos o informaci\u00f3n publicados y tampoco de los da\u00f1os y perjuicios que pudieran ocasionar.<\/p>\n\n\n\n<p>MOJO SWING se reserva el derecho de retirar, unilateralmente, acontecimientos e informaci\u00f3n cuando lo crea oportuno, y tambi\u00e9n, siempre que no se correspondan con la legalidad y el orden p\u00fablico o puedan considerarse lesivos.<\/p>\n\n\n\n<p>7. Propiedad industrial e intelectual<\/p>\n\n\n\n<p>Todos los contenidos del sitio web, excepto en el supuesto de que se indique el contrario, son titularidad exclusiva de MOJO SWING y, con car\u00e1cter enunciativo, que no limitativo, el dise\u00f1o gr\u00e1fico, c\u00f3digo fuente, logos, textos, gr\u00e1ficos, ilustraciones, fotograf\u00edas y el resto de elementos que salen en el sitio web.<\/p>\n\n\n\n<p>Igualmente, todos los nombres comerciales, marcas o signos distintivos de cualquier tipos contenidos en el web, est\u00e1n protegidos por la Ley.<\/p>\n\n\n\n<p>MOJO SWING no concede ning\u00fan tipo de licencia ni de autorizaci\u00f3n de uso personal al usuario sobre los derechos de propiedad industrial e intelectual ni sobre cualquier otro derecho relacionado con su web y los servicios que se ofrecen.<\/p>\n\n\n\n<p>Por lo tanto, el usuario reconoce que la reproducci\u00f3n, distribuci\u00f3n, comercializaci\u00f3n, transformaci\u00f3n y, en general, cualquier otra forma de explotaci\u00f3n, por cualquier procedimiento, de todo o de parte de los contenidos de este web, constituye una infracci\u00f3n de los derechos de propiedad industrial y\/o intelectual de MOJO SWING o del titular de estos.<\/p>\n\n\n\n<p>As\u00ed mismo, MOJO SWING informa que las fotograf\u00edas hechas en actividades organizadas por MOJO SWING podr\u00e1n ser expuestas en el web mismo o en el material promocional de MOJO SWING y\/o en sus actividades o festivales.<\/p>\n\n\n\n<p>Las personas que participan en los acontecimientos y festivales organizados por la MOJO SWING, dan su consentimiento para ceder el uso de su imagen para que MOJO SWING la pueda utilizar en publicaciones en linea y fuera de l\u00ednea para hacer un uso promocional de las actividades de MOJO SWING.<\/p>\n\n\n\n<p>Si la persona fotografiada o filmada no quiere que se haga uso de su imagen, lo puede comunicar por correo electr\u00f3nico a info@mojoswingcanarias.com<\/p>\n\n\n\n<h2 class=\"wp-block-heading\">8. Redes sociales<\/h2>\n\n\n\n<p>El usuario podr\u00e1 unirse a los grupos que MOJO SWING tiene en diferentes redes sociales.<\/p>\n\n\n\n<p>El Usuario que se haga fan de un grupo de MOJO SWING, acepta las condiciones de uso y la pol\u00edtica de privacidad de la red social correspondiente.<\/p>\n\n\n\n<h2 class=\"wp-block-heading\">9. Protecci\u00f3n de datos de car\u00e1cter personal<\/h2>\n\n\n\n<p>A trav\u00e9s de este sitio web se recogen datos de car\u00e1cter personal de los usuarios, por lo cual pedimos al usuario que lea atentamente nuestra <a href=\"https:\/\/mojoswingcanarias.com\/en\/privacidad\/\" data-type=\"page\" data-id=\"3\">Privacy policy<\/a> que encontrar\u00e1 en nuestro sitio web, y tambi\u00e9n las diferentes cl\u00e1usulas informativas que acompa\u00f1en cada uno de los diferentes formularios habilitados para la recogida de datos personales.<\/p>\n\n\n\n<p>Del mismo modo, lo informamos que MOJO SWING utiliza cookies para recoger informaci\u00f3n de los usuarios y registra las direcciones IP de acceso, por lo cual pedimos, igualmente, al usuario, que lea atentamente nuestra Pol\u00edtica de cookies.<\/p>\n\n\n\n<p>Se informa al usuario que, en cualquier caso, los datos de car\u00e1cter personal recogidas por medio de este web ser\u00e1n tratadas en cumplimiento del que est\u00e1 previsto en el Reglamento general de protecci\u00f3n de datos de car\u00e1cter personal y en la legislaci\u00f3n espa\u00f1ola aplicable, y para las finalidades indicadas en las mencionadas Pol\u00edtica de privacidad y Pol\u00edtica de cookies.<\/p>\n\n\n\n<h2 class=\"wp-block-heading\">10. Tratamiento de datos de menores de edad<\/h2>\n\n\n\n<p>El acceso en el web y la contrataci\u00f3n, en su caso, de los productos y servicios que ofrece la BCNswing, est\u00e1n dirigidos a mayores de 18 a\u00f1os.<\/p>\n\n\n\n<h2 class=\"wp-block-heading\">11. Cookies<\/h2>\n\n\n\n<p>Este web utiliza cookies. Las cookies son peque\u00f1os ficheros de datos que se generan en el ordenador del Usuario y que nos permiten conocer la informaci\u00f3n siguiente:<\/p>\n\n\n\n<ul><li>La fecha y hora de la \u00faltima vez que el Usuario visit\u00f3 nuestro sitio web.<\/li><li>El dise\u00f1o de contenidos que el Usuario escogi\u00f3 en la \u00faltima visita en nuestro web.<\/li><li>Elementos de seguridad que intervienen en el control de acceso en las \u00e1reas restringidas.<\/li><\/ul>\n\n\n\n<p>El usuario tiene la opci\u00f3n de impedir la generaci\u00f3n de cookies, mediante la selecci\u00f3n de la opci\u00f3n correspondiente en su navegador web.<\/p>\n\n\n\n<p>Si usted quiere obtener m\u00e1s informaci\u00f3n sobre el uso que este web hace de las cookies, por favor, lea la pol\u00edtica de uso espec\u00edfica de Pol\u00edtica de cookies.<\/p>\n\n\n\n<h2 class=\"wp-block-heading\">12. Modificaciones de las Condiciones de uso<\/h2>\n\n\n\n<p>MOJO SWING se reserva el derecho de desarrollar o de actualizar en cualquier momento las Condiciones de uso del presente web, por lo cual, har\u00e1 falta que el usuario las lea peri\u00f3dicamente.<\/p>\n\n\n\n<h2 class=\"wp-block-heading\">13. Ley aplicable y jurisdicci\u00f3n<\/h2>\n\n\n\n<p>La relaci\u00f3n entre MOJO SWING y el usuario se regir\u00e1 por la normativa espa\u00f1ola vigente y cualquier controversia se someter\u00e1 a los Juzgados y Tribunales de Las Palmas de Gran Canaria.<\/p>\n\n\n\n<p>MOJO SWING perseguir\u00e1 el incumplimiento de las presentes condiciones de uso, y tambi\u00e9n cualquier utilizaci\u00f3n indebida del sitio web, y ejercer\u00e1 todas las acciones civiles y penales que le puedan corresponder y asistan en derecho.<\/p>","protected":false},"excerpt":{"rendered":"<p>1. Datos de identificaci\u00f3n Usted est\u00e1 visitando el sitio web www.mojoswingcanarias.com titularidad de la ASOCIACI\u00d3N CULTURAL MOJO SWING CANARIAS (en adelante, MOJO SWING). La Asociaci\u00f3n es una organizaci\u00f3n&hellip;<\/p>","protected":false},"author":1,"featured_media":0,"parent":0,"menu_order":0,"comment_status":"closed","ping_status":"closed","template":"","meta":{"footnotes":"","_vp_format_video_url":"","_vp_image_focal_point":[]},"_links":{"self":[{"href":"https:\/\/mojoswingcanarias.com\/en\/wp-json\/wp\/v2\/pages\/187"}],"collection":[{"href":"https:\/\/mojoswingcanarias.com\/en\/wp-json\/wp\/v2\/pages"}],"about":[{"href":"https:\/\/mojoswingcanarias.com\/en\/wp-json\/wp\/v2\/types\/page"}],"author":[{"embeddable":true,"href":"https:\/\/mojoswingcanarias.com\/en\/wp-json\/wp\/v2\/users\/1"}],"replies":[{"embeddable":true,"href":"https:\/\/mojoswingcanarias.com\/en\/wp-json\/wp\/v2\/comments?post=187"}],"version-history":[{"count":6,"href":"https:\/\/mojoswingcanarias.com\/en\/wp-json\/wp\/v2\/pages\/187\/revisions"}],"predecessor-version":[{"id":373,"href":"https:\/\/mojoswingcanarias.com\/en\/wp-json\/wp\/v2\/pages\/187\/revisions\/373"}],"wp:attachment":[{"href":"https:\/\/mojoswingcanarias.com\/en\/wp-json\/wp\/v2\/media?parent=187"}],"curies":[{"name":"wp","href":"https:\/\/api.w.org\/{rel}","templated":true}]}}