{"id":194,"date":"2021-08-31T20:12:29","date_gmt":"2021-08-31T19:12:29","guid":{"rendered":"https:\/\/mojoswingcanarias.com\/?page_id=194"},"modified":"2021-08-31T20:12:29","modified_gmt":"2021-08-31T19:12:29","slug":"politica-de-cookies","status":"publish","type":"page","link":"https:\/\/mojoswingcanarias.com\/en\/politica-de-cookies\/","title":{"rendered":"Cookies policy"},"content":{"rendered":"<p>Una cookie es un fichero que se descarga a su ordenador cuando accede a determinadas p\u00e1ginas web. Las cookies permiten, en una p\u00e1gina web, entre otras cosas, almacenar y recuperar informaci\u00f3n sobre los h\u00e1bitos de navegaci\u00f3n de un usuario o del equipo inform\u00e1tico y, en funci\u00f3n de la informaci\u00f3n que contenga y de la manera en que utilice el equipo inform\u00e1tico, puede usarse para reconocer el usuario.<\/p>\n\n\n\n<h2 class=\"wp-block-heading\">Tipo de cookies<\/h2>\n\n\n\n<p>En funci\u00f3n de qu\u00e9 sea la entidad que gestiona el dominio desde donde se env\u00edan las cookies y a partir de los datos que se obtienen, se pueden distinguir dos tipos:<\/p>\n\n\n\n<ul><li><strong>Cookies propias<\/strong>. Son aquellas que se env\u00edan al equipo inform\u00e1tico terminal del usuario desde un equipo o dominio gestionado por el mismo editor y desde el cual se presta el servicio. <\/li><li><strong>Cookies de terceros<\/strong>. Aquellas que se env\u00edan al equipo inform\u00e1tico terminal del usuario desde un equipo o dominio que no es gestionado por el editor, sino por medio de otra entidad que trata los datos obtenidos a trav\u00e9s de sus cookies.<\/li><\/ul>\n\n\n\n<p>En caso de que las cookies sean instaladas desde un equipo o dominio gestionado por el editor mismo pero la informaci\u00f3n que se recoja por medio de estas sea gestionada por un tercero, no pueden ser consideradas como cookies propias.<\/p>\n\n\n\n<p>Tambi\u00e9n hay una segunda clasificaci\u00f3n de las cookies, seg\u00fan el plazo de tiempo que restan almacenadas en el navegador del cliente. Pueden ser:<\/p>\n\n\n\n<ul><li><strong>Cookies de sesi\u00f3n<\/strong>. Dise\u00f1adas para obtener y almacenar datos mientras el usuario accede en una p\u00e1gina web. A menudo se utilizan para almacenar informaci\u00f3n que solo interesa de conservar para la prestaci\u00f3n del Servicio al Usuario en una sola ocasi\u00f3n (como por ejemplo una lista de productos adquiridos). <\/li><li><strong>Cookies persistentes<\/strong>. Los datos son almacenados en el terminal y se  puede acceder y tratarlas durante un periodo de tiempo definido por el responsable de la cookie y que oscila entre unos minutos y algunos a\u00f1os.<\/li><\/ul>\n\n\n\n<p>Por \u00faltimo, hay otra clasificaci\u00f3n de cookies seg\u00fan la finalidad para la cual se tratan los datos obtenidos:<\/p>\n\n\n\n<ul><li><strong>Cookies t\u00e9cnicas<\/strong>. Aquellas que permiten al usuario navegar por una p\u00e1gina web, plataforma o aplicaci\u00f3n y utilizar las diferentes opciones o servicios que haya como por ejemplo controlar el tr\u00e1fico y la comunicaci\u00f3n de datos, identificar la sesi\u00f3n, acceder a partes de acceso restringido, recordar los elementos que integran un pedido, realizar el proceso de compra de un pedido, realizar la solicitud de inscripci\u00f3n o participaci\u00f3n en un acontecimiento, utilizar elementos de seguridad durante la navegaci\u00f3n, almacenar contenidos para la difusi\u00f3n de videos o de sonido o compartir contenidos a trav\u00e9s de redes sociales.<\/li><li><strong>Cookies de personalizaci\u00f3<\/strong>n. Permiten al Usuario acceder al Servicio con algunas caracter\u00edsticas de car\u00e1cter general predefinidas \u2013en funci\u00f3n de una serie de criterios\u2013 en el terminal del Usuario. Un ejemplo ser\u00edan la lengua, el tipo de navegador con el cual se accede al Servicio, la configuraci\u00f3n regional desde donde se accede al Servicio, etc.<\/li><li><strong>Cookies de an\u00e1lisis<\/strong>. Permiten, a su responsable, el seguimiento y el an\u00e1lisis del comportamiento de los Usuarios de los sitios web a los cuales est\u00e1n vinculadas estas cookies. La informaci\u00f3n recogida por medio de este tipo de cookies, se utiliza para mesurar la actividad de los sitios web, aplicaci\u00f3n o plataforma y para elaborar perfiles de navegaci\u00f3n de los Usuarios de estos lugares, aplicaciones y plataformas, con el fin de introducir mejoras en las funciones de an\u00e1lisis de los datos de uso que hacen los usuarios del Servicio.<\/li><li><strong>Cookies publicitaria<\/strong>s. Permiten la gesti\u00f3n, de la manera m\u00e1s eficaz posible, de los espacios publicitarios. Dentro de este grupo se incluyen las cookies de publicidad comportamental, que almacenan informaci\u00f3n sobre el comportamiento de los Usuarios obtenida por medio de la observaci\u00f3n continuada de h\u00e1bitos de navegaci\u00f3n, cosa que permite desarrollar un perfil espec\u00edfico para mostrar la publicidad en funci\u00f3n de este.<\/li><li><strong>Cookies de redes sociales externas<\/strong>. Se utilizan para que los Visitantes puedan interactuar con el contenido de diferentes plataformas sociales (Facebook, Youtube, Twitter, Linkedin, etc.) y solo se generan para los usuarios de estas redes sociales. Las condiciones de utilizaci\u00f3n de estas cookies y la informaci\u00f3n recogida se regulan por la pol\u00edtica de privacidad de la red social correspondiente.<\/li><\/ul>\n\n\n\n<h2 class=\"wp-block-heading\">Desactivaci\u00f3n y eliminaci\u00f3n de las cookies<\/h2>\n\n\n\n<p>El Usuario tiene la opci\u00f3n de permitir, bloquear o eliminar las cookies instaladas por medio de la configuraci\u00f3n de las opciones del navegador instalado en su equipo. Si desactiva las <meta http-equiv=\"content-type\" content=\"text\/html; charset=utf-8\">cookies, algunos de los servicios disponibles podr\u00edan dejar de ser operativos. La manera de deshabilitarlas es diferente para cada navegador, pero generalmente se puede hacer desde el men\u00fa Herramientas u Opciones. Tambi\u00e9n se puede consultar el men\u00fa de Ayuda del navegador, donde se pueden encontrar las instrucciones. El Usuario podr\u00e1, en cualquier momento, escoger qu\u00e9 <meta http-equiv=\"content-type\" content=\"text\/html; charset=utf-8\">cookies quiere que funcionen en este sitio web.<\/p>\n\n\n\n<h2 class=\"wp-block-heading\">Cookies utilizadas en este sitio web<\/h2>\n\n\n\n<p>A continuaci\u00f3n se identifican las <meta http-equiv=\"content-type\" content=\"text\/html; charset=utf-8\">cookies que se utilizan en este portal y tambi\u00e9n su tipolog\u00eda y funci\u00f3n:<\/p>\n\n\n\n<ul><li>Stripe \u2013 cookie t\u00e9cnica para los cobros con tarjeta<\/li><li>Facebook \u2013 cookie para la gesti\u00f3n de redes sociales<\/li><\/ul>\n\n\n\n<h2 class=\"wp-block-heading\">Aceptaci\u00f3n de la pol\u00edtica de cookies<\/h2>\n\n\n\n<p>MOJO SWING CANARIAS asume que usted acepta el uso de cookies cuando visita nuestro sitio web mojoswingcanarias.com. Aun as\u00ed, muestra la informaci\u00f3n sobre la Pol\u00edtica de <meta http-equiv=\"content-type\" content=\"text\/html; charset=utf-8\">cookies en la parte inferior de cualquier p\u00e1gina del sitio web con el objetivo que usted sea consciente.<\/p>\n\n\n\n<p>Ante esta informaci\u00f3n es posible llevar a cabo las acciones siguientes:<\/p>\n\n\n\n<ul><li>Aceptar las cookies. No se volver\u00e1 a mostrar este aviso al acceder a cualquier p\u00e1gina del sitio web durante la sesi\u00f3n presente. <\/li><li>Modificar su configuraci\u00f3n. Puede obtener m\u00e1s informaci\u00f3n sobre qu\u00e9 son las cookies, conocer la Pol\u00edtica de cookies de mojoswingcanarias.com y modificar la configuraci\u00f3n de su navegador.<\/li><\/ul>","protected":false},"excerpt":{"rendered":"<p>Una cookie es un fichero que se descarga a su ordenador cuando accede a determinadas p\u00e1ginas web. Las cookies permiten, en una p\u00e1gina web, entre otras cosas, almacenar&hellip;<\/p>","protected":false},"author":1,"featured_media":0,"parent":0,"menu_order":0,"comment_status":"closed","ping_status":"closed","template":"","meta":{"footnotes":"","_vp_format_video_url":"","_vp_image_focal_point":[]},"_links":{"self":[{"href":"https:\/\/mojoswingcanarias.com\/en\/wp-json\/wp\/v2\/pages\/194"}],"collection":[{"href":"https:\/\/mojoswingcanarias.com\/en\/wp-json\/wp\/v2\/pages"}],"about":[{"href":"https:\/\/mojoswingcanarias.com\/en\/wp-json\/wp\/v2\/types\/page"}],"author":[{"embeddable":true,"href":"https:\/\/mojoswingcanarias.com\/en\/wp-json\/wp\/v2\/users\/1"}],"replies":[{"embeddable":true,"href":"https:\/\/mojoswingcanarias.com\/en\/wp-json\/wp\/v2\/comments?post=194"}],"version-history":[{"count":2,"href":"https:\/\/mojoswingcanarias.com\/en\/wp-json\/wp\/v2\/pages\/194\/revisions"}],"predecessor-version":[{"id":196,"href":"https:\/\/mojoswingcanarias.com\/en\/wp-json\/wp\/v2\/pages\/194\/revisions\/196"}],"wp:attachment":[{"href":"https:\/\/mojoswingcanarias.com\/en\/wp-json\/wp\/v2\/media?parent=194"}],"curies":[{"name":"wp","href":"https:\/\/api.w.org\/{rel}","templated":true}]}}