{"id":3,"date":"2021-08-15T16:20:43","date_gmt":"2021-08-15T16:20:43","guid":{"rendered":"https:\/\/mojoswingcanarias.com\/?page_id=3"},"modified":"2023-01-22T20:57:38","modified_gmt":"2023-01-22T20:57:38","slug":"privacidad","status":"publish","type":"page","link":"https:\/\/mojoswingcanarias.com\/en\/privacidad\/","title":{"rendered":"Privacy policy"},"content":{"rendered":"<h2 class=\"wp-block-heading\">\u00bfQui\u00e9n es el responsable del tratamiento de tus datos?<\/h2>\n\n\n\n<p>La Asociaci\u00f3n Mojo Swing Canarias (en adelante, MOJO SWING), con NIF G76248582 es la responsable del tratamiento de los datos personales facilitados por medio de este sitio web y a trav\u00e9s de cualquiera de nuestros formularios en formato papel o en l\u00ednea, y tambi\u00e9n de los datos obtenidos como consecuencia de la relaci\u00f3n que tienes con la asociaci\u00f3n. La mencionada asociaci\u00f3n est\u00e1 ubicada en la calle Bravo Murillo 34, 35003 de Las Palmas de Gran Canaria y puedes ponerte en contacto a trav\u00e9s de la direcci\u00f3n de correo electr\u00f3nico info@mojoswingcanarias.com.<\/p>\n\n\n\n<h2 class=\"wp-block-heading\">\u00bfCon qu\u00e9 finalidad tratamos tus datos personales?<\/h2>\n\n\n\n<p>MOJO SWING tratar\u00e1 los datos personales con la finalidad de gestionar la relaci\u00f3n que tienes con la asociaci\u00f3n y tambi\u00e9n para enviarte informaci\u00f3n y comunicaciones peri\u00f3dicas para mantenerte informado de las actividades, noticias y cualquier acci\u00f3n relacionada con MOJO SWING.<\/p>\n\n\n\n<h2 class=\"wp-block-heading\">\u00bfCu\u00e1l es la legitimaci\u00f3n para el tratamientos de tus datos?<\/h2>\n\n\n\n<p>La base legal para el tratamiento de los datos personales es la ejecuci\u00f3n y el mantenimiento de la relaci\u00f3n que mantenemos contigo como asociado o asociada, y tambi\u00e9n el consentimiento expresado para los tratamientos adicionales consistentes en el env\u00edo de informaci\u00f3n y comunicaciones peri\u00f3dicas para poder mantenerte informado o informada de las actividades, noticias y cualquier acto relacionado con MOJO SWING, con las finalidades indicadas en el apartado \u00ab\u00bfCon qu\u00e9 finalidad tratamos los datos personales?\u00bb.<\/p>\n\n\n\n<p>Te informamos que todos los datos personales que se solicitan en el momento de registrarse en este sitio web como las solicitudes en cualquiera de nuestros formularios en formato papel o en l\u00ednea, son estrictamente necesarios para formalizar y gestionar la relaci\u00f3n contigo, de manera que, en caso de no facilitarlos, no podremos mantener la relaci\u00f3n. En cualquier caso, esta finalidad principal no est\u00e1 supeditada al consentimiento para el tratamiento de los datos que no sigan siendo necesarios para esta actividad principal.<\/p>\n\n\n\n<h2 class=\"wp-block-heading\">\u00bfDurante cu\u00e1nto tiempo conservamos tus datos?<\/h2>\n\n\n\n<p>Los datos personales proporcionados se conservar\u00e1n durante un plazo m\u00e1ximo de tres a\u00f1os desde que se cumpla uno de estos dos eventos: <\/p>\n\n\n\n<ol>\n<li>dejes ser socio o socia de nuestra asociaci\u00f3n.<\/li>\n\n\n\n<li>desde la apertura de un hiperenlace presente en una <em>newsletter<\/em> o en cualquier otro mensaje comercial de correo electr\u00f3nico que te hayamos enviado.<\/li>\n<\/ol>\n\n\n\n<p>En cualquier caso, puedes solicitar en todo momento la supresi\u00f3n de parte o la totalidad de tus datos, oponerte a su tratamiento o solicitar su limitaci\u00f3n.<\/p>\n\n\n\n<h2 class=\"wp-block-heading\">\u00bfCon qui\u00e9n compartiremos tus datos?<\/h2>\n\n\n\n<p>Tus datos no ser\u00e1 compartidos ni cedidos a nadie.<\/p>\n\n\n\n<h2 class=\"wp-block-heading\">\u00bfCu\u00e1les son tus derechos?<\/h2>\n\n\n\n<p>Cualquier persona tiene derecho a obtener informaci\u00f3n sobre c\u00f3mo MOJO SWING trata sus datos personales.<\/p>\n\n\n\n<p>Los interesados tienen derecho a acceder a sus datos personales, tambi\u00e9n a solicitar la rectificaci\u00f3n de los datos inexactos o, en su caso, a solicitar la supresi\u00f3n cuando, entre otros motivos, los datos ya no sean necesarias para la finalidad con la que fueron recogidos.<\/p>\n\n\n\n<p>En determinadas circunstancias y por motivos relacionados con su situaci\u00f3n particular, los interesados podr\u00e1n oponerse al tratamiento de sus datos. MOJO SWING dejar\u00e1 de tratar sus datos, excepto por motivos leg\u00edtimos e imperiosos, o el ejercicio o la defensa de posibles reclamaciones.<\/p>\n\n\n\n<p>Asimismo, tienes derecho a recibir, en un formato estructurado, de uso com\u00fan y lectura mec\u00e1nica, los datos personales que nos hayas facilitado y que te implicas, y transmitirlas a otro responsable.<\/p>\n\n\n\n<p>Podr\u00e1s ejercer estos derechos y la revocaci\u00f3n en cualquier momento de los consentimientos que hayas prestado, por medio de un correo electr\u00f3nico dirigido a Asociaci\u00f3n Mojo Swing Canarias, en la direcci\u00f3n de correo electr\u00f3nico info@mojoswingcanarias.com.<\/p>","protected":false},"excerpt":{"rendered":"<p>\u00bfQui\u00e9n es el responsable del tratamiento de tus datos? La Asociaci\u00f3n Mojo Swing Canarias (en adelante, MOJO SWING), con NIF G76248582 es la responsable del tratamiento de los&hellip;<\/p>","protected":false},"author":1,"featured_media":0,"parent":0,"menu_order":0,"comment_status":"closed","ping_status":"open","template":"","meta":{"footnotes":"","_vp_format_video_url":"","_vp_image_focal_point":[]},"_links":{"self":[{"href":"https:\/\/mojoswingcanarias.com\/en\/wp-json\/wp\/v2\/pages\/3"}],"collection":[{"href":"https:\/\/mojoswingcanarias.com\/en\/wp-json\/wp\/v2\/pages"}],"about":[{"href":"https:\/\/mojoswingcanarias.com\/en\/wp-json\/wp\/v2\/types\/page"}],"author":[{"embeddable":true,"href":"https:\/\/mojoswingcanarias.com\/en\/wp-json\/wp\/v2\/users\/1"}],"replies":[{"embeddable":true,"href":"https:\/\/mojoswingcanarias.com\/en\/wp-json\/wp\/v2\/comments?post=3"}],"version-history":[{"count":3,"href":"https:\/\/mojoswingcanarias.com\/en\/wp-json\/wp\/v2\/pages\/3\/revisions"}],"predecessor-version":[{"id":1306,"href":"https:\/\/mojoswingcanarias.com\/en\/wp-json\/wp\/v2\/pages\/3\/revisions\/1306"}],"wp:attachment":[{"href":"https:\/\/mojoswingcanarias.com\/en\/wp-json\/wp\/v2\/media?parent=3"}],"curies":[{"name":"wp","href":"https:\/\/api.w.org\/{rel}","templated":true}]}}