{"id":331,"date":"2021-09-08T17:26:03","date_gmt":"2021-09-08T16:26:03","guid":{"rendered":"https:\/\/mojoswingcanarias.com\/?page_id=331"},"modified":"2021-09-08T19:25:59","modified_gmt":"2021-09-08T18:25:59","slug":"actividades","status":"publish","type":"page","link":"https:\/\/mojoswingcanarias.com\/en\/la-asociacion\/actividades\/","title":{"rendered":"Activities"},"content":{"rendered":"<p>Throughout the year we organize activities related to dance and swing music. These are some of the ones we organize most frequently.<\/p>\n\n\n\n<h2 class=\"wp-block-heading\">Clandestinos<\/h2>\n\n\n\n<p>We love dancing in the street, on the beach and in public spaces in general!<\/p>\n\n\n\n<p>The clandestinos have something very special that can only be told by dancing to the rhythm of swing. We warn that they are very contagious and always end up encouraging some spontaneous who can not resist this street show.<\/p>\n\n\n\n<p>If you want to have your first contact with swing dancing, this activity is perfect for you. You can learn basic steps and dance your first tunes \ud83d\udc83<\/p>\n\n\n\n<h2 class=\"wp-block-heading\">Workshops<\/h2>\n\n\n\n<p>Do you want to learn to swing dance? Do you want to perfect your technique or learn new steps? We will help you.<\/p>\n\n\n\n<p>We regularly organize workshops with international teachers and with different levels so that you can start or enrich your style.&nbsp;<\/p>\n\n\n\n<h2 class=\"wp-block-heading\">Parties<\/h2>\n\n\n\n<p>We love nothing more than to put on our best clothes and transport ourselves back in time to the 20s, 30s, and 40s.<\/p>\n\n\n\n<p>From Mojo Swing Canarias we organize and collaborate in events where swing, live music, and the most frenetic dance come together in a magical way.&nbsp;<\/p>\n\n\n\n<h2 class=\"wp-block-heading\">Mojo Swing Festival<\/h2>\n\n\n\n<p>Our most ambitious event is the Mojo Swing Festival, which we usually celebrate during a whole autumn weekend in Las Palmas de Gran Canaria, and is attended by people from all over the world.<\/p>\n\n\n\n<p>During the event we organized different workshops taught by international teachers, for all levels. And we spice it up with several parties with live music and DJ, dancing on the beach, and much more! \ud83c\udf89<\/p>\n\n\n\n<p><\/p>\n\n\n\n<figure class=\"wp-block-pullquote is-style-solid-color\"><blockquote><p>Check our <a href=\"https:\/\/mojoswingcanarias.com\/en\/eventos\/\" data-type=\"category\">events page<\/a> to keep up to date with all our activities. <\/p><\/blockquote><\/figure>","protected":false},"excerpt":{"rendered":"<p>A lo largo de todo el a\u00f1o realizamos actividades relacionadas con el baile y la m\u00fasica swing. Estas son algunas de las que organizamos con m\u00e1s frecuencia. Clandestinos&hellip;<\/p>","protected":false},"author":1,"featured_media":264,"parent":5,"menu_order":0,"comment_status":"closed","ping_status":"closed","template":"","meta":{"footnotes":"","_vp_format_video_url":"","_vp_image_focal_point":[]},"_links":{"self":[{"href":"https:\/\/mojoswingcanarias.com\/en\/wp-json\/wp\/v2\/pages\/331"}],"collection":[{"href":"https:\/\/mojoswingcanarias.com\/en\/wp-json\/wp\/v2\/pages"}],"about":[{"href":"https:\/\/mojoswingcanarias.com\/en\/wp-json\/wp\/v2\/types\/page"}],"author":[{"embeddable":true,"href":"https:\/\/mojoswingcanarias.com\/en\/wp-json\/wp\/v2\/users\/1"}],"replies":[{"embeddable":true,"href":"https:\/\/mojoswingcanarias.com\/en\/wp-json\/wp\/v2\/comments?post=331"}],"version-history":[{"count":4,"href":"https:\/\/mojoswingcanarias.com\/en\/wp-json\/wp\/v2\/pages\/331\/revisions"}],"predecessor-version":[{"id":346,"href":"https:\/\/mojoswingcanarias.com\/en\/wp-json\/wp\/v2\/pages\/331\/revisions\/346"}],"up":[{"embeddable":true,"href":"https:\/\/mojoswingcanarias.com\/en\/wp-json\/wp\/v2\/pages\/5"}],"wp:featuredmedia":[{"embeddable":true,"href":"https:\/\/mojoswingcanarias.com\/en\/wp-json\/wp\/v2\/media\/264"}],"wp:attachment":[{"href":"https:\/\/mojoswingcanarias.com\/en\/wp-json\/wp\/v2\/media?parent=331"}],"curies":[{"name":"wp","href":"https:\/\/api.w.org\/{rel}","templated":true}]}}