{"id":406,"date":"2021-09-10T00:08:07","date_gmt":"2021-09-09T23:08:07","guid":{"rendered":"https:\/\/mojoswingcanarias.com\/?page_id=406"},"modified":"2021-09-10T00:08:07","modified_gmt":"2021-09-09T23:08:07","slug":"swing-en-canarias","status":"publish","type":"page","link":"https:\/\/mojoswingcanarias.com\/en\/swing-en-canarias\/","title":{"rendered":"Swing in the Canary Islands"},"content":{"rendered":"\n<p>La escena swing en Canarias es joven pero est\u00e1 llena de energ\u00eda y entusiasmo. Con la suerte de contar con un clima privilegiado durante todo el a\u00f1o, es muy normal que nos veas bailando en la calle en pleno invierno o montemos un taller en la playa. <\/p>\n\n\n\n<p>Tanto si quieres aprender a bailar como si eres de las \u00faltimas en abandonar la fiesta, en esta secci\u00f3n encontrar\u00e1s lo que necesitas para practicas tu baile swing en Canarias.<\/p>\n\n\n<p>[subpages]<\/p>\n\n\n\n<p><\/p>\n","protected":false},"excerpt":{"rendered":"<p>La escena swing en Canarias es joven pero est\u00e1 llena de energ\u00eda y entusiasmo. Con la suerte de contar con un clima privilegiado durante todo el a\u00f1o, es&hellip;<\/p>","protected":false},"author":1,"featured_media":0,"parent":0,"menu_order":0,"comment_status":"closed","ping_status":"closed","template":"","meta":{"footnotes":"","_vp_format_video_url":"","_vp_image_focal_point":[]},"_links":{"self":[{"href":"https:\/\/mojoswingcanarias.com\/en\/wp-json\/wp\/v2\/pages\/406"}],"collection":[{"href":"https:\/\/mojoswingcanarias.com\/en\/wp-json\/wp\/v2\/pages"}],"about":[{"href":"https:\/\/mojoswingcanarias.com\/en\/wp-json\/wp\/v2\/types\/page"}],"author":[{"embeddable":true,"href":"https:\/\/mojoswingcanarias.com\/en\/wp-json\/wp\/v2\/users\/1"}],"replies":[{"embeddable":true,"href":"https:\/\/mojoswingcanarias.com\/en\/wp-json\/wp\/v2\/comments?post=406"}],"version-history":[{"count":2,"href":"https:\/\/mojoswingcanarias.com\/en\/wp-json\/wp\/v2\/pages\/406\/revisions"}],"predecessor-version":[{"id":408,"href":"https:\/\/mojoswingcanarias.com\/en\/wp-json\/wp\/v2\/pages\/406\/revisions\/408"}],"wp:attachment":[{"href":"https:\/\/mojoswingcanarias.com\/en\/wp-json\/wp\/v2\/media?parent=406"}],"curies":[{"name":"wp","href":"https:\/\/api.w.org\/{rel}","templated":true}]}}