{"id":5,"date":"2021-08-15T16:22:56","date_gmt":"2021-08-15T16:22:56","guid":{"rendered":"https:\/\/mojoswingcanarias.com\/?page_id=5"},"modified":"2021-09-08T19:23:42","modified_gmt":"2021-09-08T18:23:42","slug":"la-asociacion","status":"publish","type":"page","link":"https:\/\/mojoswingcanarias.com\/en\/la-asociacion\/","title":{"rendered":"The Association"},"content":{"rendered":"<p><strong>Mojo Swing Canarias&nbsp;<\/strong>is a non-profit cultural association formally created in December 2015 in Las Palmas de Gran Canaria.<\/p>\n\n\n\n<p>Our mission is to promote swing culture in the Canary Islands, as well as all the values that go with it.<\/p>\n\n\n\n<p>Since 2014 and collaboratively we organize classes, parties, clandestinos (dancing in public spaces), and various activities open to anyone who wants to get started and practice swing dance styles. <\/p>\n\n\n\n<p>We are open to any kind of initiative that helps to spread swing music in the Canary Islands. So if you want to organize a party in the square of your town, or a concert in any hall of your city, or any other activity related to swing, do not hesitate to contact us. <a href=\"mailto:info@mojoswingcanarias.com\">send us an email<\/a> or contact us through our social networks. We will be happy to lend a hand.<\/p>","protected":false},"excerpt":{"rendered":"<p>Mojo Swing Canarias&nbsp;es una asociaci\u00f3n cultural sin \u00e1nimo de lucro creada formalmente en diciembre de 2015 en Las Palmas de Gran Canaria. Nuestra misi\u00f3n es promover la cultura&hellip;<\/p>","protected":false},"author":1,"featured_media":91,"parent":0,"menu_order":0,"comment_status":"closed","ping_status":"closed","template":"","meta":{"footnotes":"","_vp_format_video_url":"","_vp_image_focal_point":[]},"_links":{"self":[{"href":"https:\/\/mojoswingcanarias.com\/en\/wp-json\/wp\/v2\/pages\/5"}],"collection":[{"href":"https:\/\/mojoswingcanarias.com\/en\/wp-json\/wp\/v2\/pages"}],"about":[{"href":"https:\/\/mojoswingcanarias.com\/en\/wp-json\/wp\/v2\/types\/page"}],"author":[{"embeddable":true,"href":"https:\/\/mojoswingcanarias.com\/en\/wp-json\/wp\/v2\/users\/1"}],"replies":[{"embeddable":true,"href":"https:\/\/mojoswingcanarias.com\/en\/wp-json\/wp\/v2\/comments?post=5"}],"version-history":[{"count":18,"href":"https:\/\/mojoswingcanarias.com\/en\/wp-json\/wp\/v2\/pages\/5\/revisions"}],"predecessor-version":[{"id":344,"href":"https:\/\/mojoswingcanarias.com\/en\/wp-json\/wp\/v2\/pages\/5\/revisions\/344"}],"wp:featuredmedia":[{"embeddable":true,"href":"https:\/\/mojoswingcanarias.com\/en\/wp-json\/wp\/v2\/media\/91"}],"wp:attachment":[{"href":"https:\/\/mojoswingcanarias.com\/en\/wp-json\/wp\/v2\/media?parent=5"}],"curies":[{"name":"wp","href":"https:\/\/api.w.org\/{rel}","templated":true}]}}