{"id":7,"date":"2021-08-15T16:24:18","date_gmt":"2021-08-15T16:24:18","guid":{"rendered":"https:\/\/mojoswingcanarias.com\/?page_id=7"},"modified":"2023-01-12T21:16:41","modified_gmt":"2023-01-12T21:16:41","slug":"asociate","status":"publish","type":"page","link":"https:\/\/mojoswingcanarias.com\/en\/asociate\/","title":{"rendered":"Join the association"},"content":{"rendered":"<p><br>Many people ask us: why should I become a partner?<\/p>\n\n\n\n<p>Sincerely, we have no economic interest in having a large number of members. We are a non-profit cultural association and our only interest is to promote swing music in the Canary Islands. We believe that the more we are, the more we row in the same direction, the more presence and strength we will have: <\/p>\n\n\n\n<ul>\n<li>Promote an ongoing calendar of swing-related events and activities. <\/li>\n\n\n\n<li>To be a meeting point to spread the teaching of swing in the islands and that the community becomes bigger and bigger. <\/li>\n\n\n\n<li>Negotiate with venues and show promoters for live swing music events. <\/li>\n\n\n\n<li>Requesting help from public institutions to bring renowned teachers and artists to the islands, as well as to hold festivals and large-scale events.<\/li>\n<\/ul>\n\n\n\n<p>But if that doesn't convince you, if you become a member you can enjoy many advantages, for example:<\/p>\n\n\n\n<ul>\n<li>Timely information about our activities.<\/li>\n\n\n\n<li>Priority registration for our activities and events with limited places.<\/li>\n\n\n\n<li>Exclusive discounts on our events and activities.<\/li>\n\n\n\n<li>Access to members-only activities.<\/li>\n\n\n\n<li>The right to vote in our assemblies so that your voice is heard.<\/li>\n<\/ul>\n\n\n\n<p><br>The current fee is 30 \u20ac per year and is renewed every January.<\/p>\n\n\n\n<p>This fee allows us to maintain the administrative structure of the association (consulting, website, subscription to streaming music services, a loudspeaker for our street dances, etc.).<\/p>\n\n\n\n<p>If you are interested, just click on the button below to fill in your details and pay online:<\/p>\n\n\n\n<div class=\"wp-block-buttons is-horizontal is-content-justification-center is-layout-flex wp-container-core-buttons-layout-1 wp-block-buttons-is-layout-flex\">\n<div class=\"wp-block-button is-style-fill\"><a class=\"wp-block-button__link wp-element-button\" href=\"https:\/\/pay.gocardless.com\/BRT0001QJH23Y94\" target=\"_blank\" rel=\"noreferrer noopener\">Yes, I want to join<\/a><\/div>\n<\/div>\n\n\n\n<p><\/p>\n\n\n\n<p>If you like swing, good vibes and meeting people in a healthy and fun environment, we are waiting for you! \ud83e\udd73<\/p>","protected":false},"excerpt":{"rendered":"<p>Mucha gente nos pregunta: \u00bfpor qu\u00e9 deber\u00eda asociarme? Sinceramente, no tenemos ning\u00fan inter\u00e9s econ\u00f3mico en tener un gran n\u00famero de miembros. Somos una asociaci\u00f3n cultural sin \u00e1nimo de&hellip;<\/p>","protected":false},"author":1,"featured_media":0,"parent":0,"menu_order":0,"comment_status":"closed","ping_status":"closed","template":"","meta":{"footnotes":"","_vp_format_video_url":"","_vp_image_focal_point":[]},"_links":{"self":[{"href":"https:\/\/mojoswingcanarias.com\/en\/wp-json\/wp\/v2\/pages\/7"}],"collection":[{"href":"https:\/\/mojoswingcanarias.com\/en\/wp-json\/wp\/v2\/pages"}],"about":[{"href":"https:\/\/mojoswingcanarias.com\/en\/wp-json\/wp\/v2\/types\/page"}],"author":[{"embeddable":true,"href":"https:\/\/mojoswingcanarias.com\/en\/wp-json\/wp\/v2\/users\/1"}],"replies":[{"embeddable":true,"href":"https:\/\/mojoswingcanarias.com\/en\/wp-json\/wp\/v2\/comments?post=7"}],"version-history":[{"count":12,"href":"https:\/\/mojoswingcanarias.com\/en\/wp-json\/wp\/v2\/pages\/7\/revisions"}],"predecessor-version":[{"id":1294,"href":"https:\/\/mojoswingcanarias.com\/en\/wp-json\/wp\/v2\/pages\/7\/revisions\/1294"}],"wp:attachment":[{"href":"https:\/\/mojoswingcanarias.com\/en\/wp-json\/wp\/v2\/media?parent=7"}],"curies":[{"name":"wp","href":"https:\/\/api.w.org\/{rel}","templated":true}]}}